{"id":2052,"date":"2014-11-23T14:57:23","date_gmt":"2014-11-23T14:57:23","guid":{"rendered":"http:\/\/josef-eidenberger.com\/impressum?lang=en"},"modified":"2020-05-07T10:00:09","modified_gmt":"2020-05-07T10:00:09","slug":"impressum","status":"publish","type":"page","link":"https:\/\/josef-eidenberger.com\/en\/impressum","title":{"rendered":"Impressum"},"content":{"rendered":"<p><strong>Verantwortlich f\u00fcr den Inhalt:<\/strong><\/p>\n<p><a href=\"\/\/josef-eidenberger.com\/wp-content\/uploads\/logo.jpg\"><img loading=\"lazy\" decoding=\"async\" class=\"alignnone wp-image-9\" src=\"\/\/josef-eidenberger.com\/wp-content\/uploads\/logo.jpg\" alt=\"logo\" width=\"146\" height=\"106\" \/><\/a><\/p>\n<p>Kapfer Kunsthandel und Filmproduktion Ges.m.b.H.<br \/>\nGesch\u00e4ftsf\u00fchrung Gabriele Kapfer<\/p>\n<p>Allersdorf 22, 4174 Niederwaldkirchen<br \/>\nTel. 07231 2527; Fax DW 4<br \/>\nMobil: 0699 16858831<\/p>\n<p>UID Nummer: ATU23819009; Firmenbuch: FN83115D<\/p>\n<p>E-Mail: kontakt@kapfer.at<\/p>\n<hr \/>\n<p><strong>Rechtevermerk:<\/strong><\/p>\n<p>Alle Urheber- und Leistungsschutzrechte vorbehalten. Die aufgespielten Filme sind rechtlich gesch\u00fctzt. Jede andere Verwendung,<br \/>\nwie z. B. unerlaubte Vervielf\u00e4ltigung, insbesondere das Kopieren, \u00f6ffentliche Vorf\u00fchrungen oder Ausstrahlungen im TV verst\u00f6\u00dft gegen geltendes Recht und wird straf- und zivilrechtlich verfolgt.<\/p>\n<p>Anderweitige Verwendung nur nach Vereinbarung mit dem Betreiber der Homepage.<\/p>\n<p>Copyright 2015. Alle Rechte vorbehalten. Kapfer Kunsthandel und Filmproduktion Ges.m.b.H. | Allersdorf 22, 4174 Niederwaldkirchen<br \/>\nTel. 07231 2527; Fax DW 4 | Mobil: 0699 16858831 | E-Mail: kontakt@kapfer.at<\/p>\n","protected":false},"excerpt":{"rendered":"<p>Verantwortlich f\u00fcr den Inhalt: Kapfer Kunsthandel und Filmproduktion Ges.m.b.H. Gesch\u00e4ftsf\u00fchrung Gabriele Kapfer Allersdorf 22, 4174 Niederwaldkirchen Tel. 07231 2527; Fax DW 4 Mobil: 0699 16858831 UID Nummer: ATU23819009; Firmenbuch: FN83115D E-Mail: kontakt@kapfer.at Rechtevermerk: Alle Urheber- und Leistungsschutzrechte vorbehalten. Die aufgespielten Filme sind rechtlich gesch\u00fctzt. Jede andere Verwendung, wie z. B. unerlaubte Vervielf\u00e4ltigung, insbesondere das Kopieren,<\/p>\n","protected":false},"author":1,"featured_media":0,"parent":0,"menu_order":0,"comment_status":"closed","ping_status":"open","template":"","meta":{"footnotes":""},"class_list":["post-2052","page","type-page","status-publish","hentry","prodpage-style3"],"_links":{"self":[{"href":"https:\/\/josef-eidenberger.com\/en\/wp-json\/wp\/v2\/pages\/2052","targetHints":{"allow":["GET"]}}],"collection":[{"href":"https:\/\/josef-eidenberger.com\/en\/wp-json\/wp\/v2\/pages"}],"about":[{"href":"https:\/\/josef-eidenberger.com\/en\/wp-json\/wp\/v2\/types\/page"}],"author":[{"embeddable":true,"href":"https:\/\/josef-eidenberger.com\/en\/wp-json\/wp\/v2\/users\/1"}],"replies":[{"embeddable":true,"href":"https:\/\/josef-eidenberger.com\/en\/wp-json\/wp\/v2\/comments?post=2052"}],"version-history":[{"count":4,"href":"https:\/\/josef-eidenberger.com\/en\/wp-json\/wp\/v2\/pages\/2052\/revisions"}],"predecessor-version":[{"id":2726,"href":"https:\/\/josef-eidenberger.com\/en\/wp-json\/wp\/v2\/pages\/2052\/revisions\/2726"}],"wp:attachment":[{"href":"https:\/\/josef-eidenberger.com\/en\/wp-json\/wp\/v2\/media?parent=2052"}],"curies":[{"name":"wp","href":"https:\/\/api.w.org\/{rel}","templated":true}]}}